{"id":5780,"date":"2023-07-03T09:52:57","date_gmt":"2023-07-03T12:52:57","guid":{"rendered":"https:\/\/coromandel.mg.gov.br\/novo\/?page_id=5780"},"modified":"2026-04-14T16:11:29","modified_gmt":"2026-04-14T19:11:29","slug":"gestao-de-inclusao-social-e-esporte","status":"publish","type":"page","link":"https:\/\/coromandel.mg.gov.br\/novo\/gestao-de-inclusao-social-e-esporte\/","title":{"rendered":"Gest\u00e3o de Inclus\u00e3o Social e  Esporte"},"content":{"rendered":"\t\t<div data-elementor-type=\"wp-page\" data-elementor-id=\"5780\" class=\"elementor elementor-5780\" data-elementor-post-type=\"page\">\n\t\t\t\t\t\t<section class=\"elementor-section elementor-top-section elementor-element elementor-element-d1e79a7 elementor-section-boxed elementor-section-height-default elementor-section-height-default\" data-id=\"d1e79a7\" data-element_type=\"section\" data-e-type=\"section\">\n\t\t\t\t\t\t<div class=\"elementor-container elementor-column-gap-default\">\n\t\t\t\t\t<div class=\"elementor-column elementor-col-100 elementor-top-column elementor-element elementor-element-c8ace69\" data-id=\"c8ace69\" data-element_type=\"column\" data-e-type=\"column\">\n\t\t\t<div class=\"elementor-widget-wrap elementor-element-populated\">\n\t\t\t\t\t\t<div class=\"elementor-element elementor-element-9fa1d71 elementor-widget elementor-widget-heading\" data-id=\"9fa1d71\" data-element_type=\"widget\" data-e-type=\"widget\" data-widget_type=\"heading.default\">\n\t\t\t\t<div class=\"elementor-widget-container\">\n\t\t\t\t\t<h2 class=\"elementor-heading-title elementor-size-medium\">Gest\u00e3o de Inclus\u00e3o Social e  Esporte<\/h2>\t\t\t\t<\/div>\n\t\t\t\t<\/div>\n\t\t\t\t<div class=\"elementor-element elementor-element-a15a5cc elementor-widget-divider--view-line elementor-widget elementor-widget-divider\" data-id=\"a15a5cc\" data-element_type=\"widget\" data-e-type=\"widget\" data-widget_type=\"divider.default\">\n\t\t\t\t<div class=\"elementor-widget-container\">\n\t\t\t\t\t\t\t<div class=\"elementor-divider\">\n\t\t\t<span class=\"elementor-divider-separator\">\n\t\t\t\t\t\t<\/span>\n\t\t<\/div>\n\t\t\t\t\t\t<\/div>\n\t\t\t\t<\/div>\n\t\t\t\t\t<\/div>\n\t\t<\/div>\n\t\t\t\t\t<\/div>\n\t\t<\/section>\n\t\t\t\t<section class=\"elementor-section elementor-top-section elementor-element elementor-element-bf3e55b elementor-section-boxed elementor-section-height-default elementor-section-height-default\" data-id=\"bf3e55b\" data-element_type=\"section\" data-e-type=\"section\">\n\t\t\t\t\t\t<div class=\"elementor-container elementor-column-gap-default\">\n\t\t\t\t\t<div class=\"elementor-column elementor-col-100 elementor-top-column elementor-element elementor-element-5df89ec\" data-id=\"5df89ec\" data-element_type=\"column\" data-e-type=\"column\">\n\t\t\t<div class=\"elementor-widget-wrap elementor-element-populated\">\n\t\t\t\t\t\t<div class=\"elementor-element elementor-element-3f4ddc3 elementor-widget elementor-widget-heading\" data-id=\"3f4ddc3\" data-element_type=\"widget\" data-e-type=\"widget\" data-widget_type=\"heading.default\">\n\t\t\t\t<div class=\"elementor-widget-container\">\n\t\t\t\t\t<h5 class=\"elementor-heading-title elementor-size-default\">Not\u00edcias relacionadas<\/h5>\t\t\t\t<\/div>\n\t\t\t\t<\/div>\n\t\t\t\t<div class=\"elementor-element elementor-element-9f5267c elementor-grid-3 elementor-grid-tablet-2 elementor-grid-mobile-1 elementor-posts--thumbnail-top elementor-card-shadow-yes elementor-posts__hover-gradient elementor-widget elementor-widget-posts\" data-id=\"9f5267c\" data-element_type=\"widget\" data-e-type=\"widget\" data-settings=\"{&quot;cards_masonry&quot;:&quot;yes&quot;,&quot;cards_columns&quot;:&quot;3&quot;,&quot;cards_columns_tablet&quot;:&quot;2&quot;,&quot;cards_columns_mobile&quot;:&quot;1&quot;,&quot;cards_row_gap&quot;:{&quot;unit&quot;:&quot;px&quot;,&quot;size&quot;:35,&quot;sizes&quot;:[]},&quot;cards_row_gap_tablet&quot;:{&quot;unit&quot;:&quot;px&quot;,&quot;size&quot;:&quot;&quot;,&quot;sizes&quot;:[]},&quot;cards_row_gap_mobile&quot;:{&quot;unit&quot;:&quot;px&quot;,&quot;size&quot;:&quot;&quot;,&quot;sizes&quot;:[]}}\" data-widget_type=\"posts.cards\">\n\t\t\t\t<div class=\"elementor-widget-container\">\n\t\t\t\t\t\t\t<div class=\"elementor-posts-container elementor-posts elementor-posts--skin-cards elementor-grid\" role=\"list\">\n\t\t\t\t<article class=\"elementor-post elementor-grid-item post-5840 post type-post status-publish format-standard has-post-thumbnail hentry category-esporte-e-inclusao-social category-publicacoes\" role=\"listitem\">\n\t\t\t<div class=\"elementor-post__card\">\n\t\t\t\t<a class=\"elementor-post__thumbnail__link\" href=\"https:\/\/coromandel.mg.gov.br\/novo\/publicacoes\/2023\/07\/03\/prefeitura-de-coromandel-apoia-a-campanha-contra-o-trabalho-escravo-infantil\/\" tabindex=\"-1\" ><div class=\"elementor-post__thumbnail\"><img fetchpriority=\"high\" decoding=\"async\" width=\"300\" height=\"169\" src=\"https:\/\/coromandel.mg.gov.br\/novo\/wp-content\/uploads\/2023\/07\/Captura-de-Tela-10-300x169.png\" class=\"attachment-medium size-medium wp-image-5841\" alt=\"\" srcset=\"https:\/\/coromandel.mg.gov.br\/novo\/wp-content\/uploads\/2023\/07\/Captura-de-Tela-10-300x169.png 300w, https:\/\/coromandel.mg.gov.br\/novo\/wp-content\/uploads\/2023\/07\/Captura-de-Tela-10-768x432.png 768w, https:\/\/coromandel.mg.gov.br\/novo\/wp-content\/uploads\/2023\/07\/Captura-de-Tela-10.png 939w\" sizes=\"(max-width: 300px) 100vw, 300px\" \/><\/div><\/a>\n\t\t\t\t<div class=\"elementor-post__badge\">Esporte e Inclus\u00e3o Social<\/div>\n\t\t\t\t<div class=\"elementor-post__text\">\n\t\t\t\t<h3 class=\"elementor-post__title\">\n\t\t\t<a href=\"https:\/\/coromandel.mg.gov.br\/novo\/publicacoes\/2023\/07\/03\/prefeitura-de-coromandel-apoia-a-campanha-contra-o-trabalho-escravo-infantil\/\" >\n\t\t\t\tPrefeitura de Coromandel apoia a Campanha contra o Trabalho Escravo Infantil\t\t\t<\/a>\n\t\t<\/h3>\n\t\t\n\t\t<a class=\"elementor-post__read-more\" href=\"https:\/\/coromandel.mg.gov.br\/novo\/publicacoes\/2023\/07\/03\/prefeitura-de-coromandel-apoia-a-campanha-contra-o-trabalho-escravo-infantil\/\" aria-label=\"Leia mais sobre Prefeitura de Coromandel apoia a Campanha contra o Trabalho Escravo Infantil\" tabindex=\"-1\" >\n\t\t\tLeia mais \u00bb\t\t<\/a>\n\n\t\t\t\t<\/div>\n\t\t\t\t<div class=\"elementor-post__meta-data\">\n\t\t\t\t\t<span class=\"elementor-post-date\">\n\t\t\t3 de julho de 2023\t\t<\/span>\n\t\t\t\t<\/div>\n\t\t\t\t\t<\/div>\n\t\t<\/article>\n\t\t\t\t<article class=\"elementor-post elementor-grid-item post-5786 post type-post status-publish format-standard has-post-thumbnail hentry category-esporte-e-inclusao-social category-publicacoes tag-campanha tag-prefeitura-de-coromandel tag-trafico-de-pessoas\" role=\"listitem\">\n\t\t\t<div class=\"elementor-post__card\">\n\t\t\t\t<a class=\"elementor-post__thumbnail__link\" href=\"https:\/\/coromandel.mg.gov.br\/novo\/publicacoes\/2023\/07\/03\/prefeitura-apoia-a-campanha-contra-o-trafico-de-pessoas-veja\/\" tabindex=\"-1\" ><div class=\"elementor-post__thumbnail\"><img decoding=\"async\" width=\"300\" height=\"164\" src=\"https:\/\/coromandel.mg.gov.br\/novo\/wp-content\/uploads\/2023\/07\/campanha-traficodepessoas-300x164.jpg\" class=\"attachment-medium size-medium wp-image-5788\" alt=\"\" srcset=\"https:\/\/coromandel.mg.gov.br\/novo\/wp-content\/uploads\/2023\/07\/campanha-traficodepessoas-300x164.jpg 300w, https:\/\/coromandel.mg.gov.br\/novo\/wp-content\/uploads\/2023\/07\/campanha-traficodepessoas-1024x561.jpg 1024w, https:\/\/coromandel.mg.gov.br\/novo\/wp-content\/uploads\/2023\/07\/campanha-traficodepessoas-768x421.jpg 768w, https:\/\/coromandel.mg.gov.br\/novo\/wp-content\/uploads\/2023\/07\/campanha-traficodepessoas-1200x657.jpg 1200w, https:\/\/coromandel.mg.gov.br\/novo\/wp-content\/uploads\/2023\/07\/campanha-traficodepessoas.jpg 1280w\" sizes=\"(max-width: 300px) 100vw, 300px\" \/><\/div><\/a>\n\t\t\t\t<div class=\"elementor-post__badge\">Esporte e Inclus\u00e3o Social<\/div>\n\t\t\t\t<div class=\"elementor-post__text\">\n\t\t\t\t<h3 class=\"elementor-post__title\">\n\t\t\t<a href=\"https:\/\/coromandel.mg.gov.br\/novo\/publicacoes\/2023\/07\/03\/prefeitura-apoia-a-campanha-contra-o-trafico-de-pessoas-veja\/\" >\n\t\t\t\tPrefeitura apoia a Campanha Contra o Tr\u00e1fico de Pessoas; Veja\t\t\t<\/a>\n\t\t<\/h3>\n\t\t\n\t\t<a class=\"elementor-post__read-more\" href=\"https:\/\/coromandel.mg.gov.br\/novo\/publicacoes\/2023\/07\/03\/prefeitura-apoia-a-campanha-contra-o-trafico-de-pessoas-veja\/\" aria-label=\"Leia mais sobre Prefeitura apoia a Campanha Contra o Tr\u00e1fico de Pessoas; Veja\" tabindex=\"-1\" >\n\t\t\tLeia mais \u00bb\t\t<\/a>\n\n\t\t\t\t<\/div>\n\t\t\t\t<div class=\"elementor-post__meta-data\">\n\t\t\t\t\t<span class=\"elementor-post-date\">\n\t\t\t3 de julho de 2023\t\t<\/span>\n\t\t\t\t<\/div>\n\t\t\t\t\t<\/div>\n\t\t<\/article>\n\t\t\t\t<\/div>\n\t\t\n\t\t\t\t\t\t<\/div>\n\t\t\t\t<\/div>\n\t\t\t\t\t<\/div>\n\t\t<\/div>\n\t\t\t\t\t<\/div>\n\t\t<\/section>\n\t\t\t\t<\/div>\n\t\t","protected":false},"excerpt":{"rendered":"<p>Gest\u00e3o de Inclus\u00e3o Social e Esporte Not\u00edcias relacionadas<\/p>\n","protected":false},"author":5,"featured_media":0,"parent":0,"menu_order":0,"comment_status":"closed","ping_status":"closed","template":"","meta":{"_acf_changed":false,"footnotes":""},"class_list":["post-5780","page","type-page","status-publish","hentry"],"acf":[],"_links":{"self":[{"href":"https:\/\/coromandel.mg.gov.br\/novo\/wp-json\/wp\/v2\/pages\/5780","targetHints":{"allow":["GET"]}}],"collection":[{"href":"https:\/\/coromandel.mg.gov.br\/novo\/wp-json\/wp\/v2\/pages"}],"about":[{"href":"https:\/\/coromandel.mg.gov.br\/novo\/wp-json\/wp\/v2\/types\/page"}],"author":[{"embeddable":true,"href":"https:\/\/coromandel.mg.gov.br\/novo\/wp-json\/wp\/v2\/users\/5"}],"replies":[{"embeddable":true,"href":"https:\/\/coromandel.mg.gov.br\/novo\/wp-json\/wp\/v2\/comments?post=5780"}],"version-history":[{"count":4,"href":"https:\/\/coromandel.mg.gov.br\/novo\/wp-json\/wp\/v2\/pages\/5780\/revisions"}],"predecessor-version":[{"id":11267,"href":"https:\/\/coromandel.mg.gov.br\/novo\/wp-json\/wp\/v2\/pages\/5780\/revisions\/11267"}],"wp:attachment":[{"href":"https:\/\/coromandel.mg.gov.br\/novo\/wp-json\/wp\/v2\/media?parent=5780"}],"curies":[{"name":"wp","href":"https:\/\/api.w.org\/{rel}","templated":true}]}}