{"id":2063,"date":"2021-10-14T00:40:54","date_gmt":"2021-10-14T03:40:54","guid":{"rendered":"http:\/\/coromandel.mg.gov.br\/novo\/?page_id=2063"},"modified":"2025-04-10T14:22:15","modified_gmt":"2025-04-10T17:22:15","slug":"lei-aldir-blanc-editais-e-anexos","status":"publish","type":"page","link":"https:\/\/coromandel.mg.gov.br\/novo\/lei-aldir-blanc-editais-e-anexos\/","title":{"rendered":"LEI ALDIR BLANC &#8211; EDITAIS E ANEXOS"},"content":{"rendered":"\r\n<p style=\"padding-left: 40px;\">I<\/p>\r\n<h4>2025<\/h4>\r\n<p><a href=\"https:\/\/coromandel.mg.gov.br\/novo\/wp-content\/uploads\/2025\/01\/Edital-01-2025.docx\">Edital 01\/2025<\/a><\/p>\r\n<blockquote>\r\n<p><a href=\"https:\/\/coromandel.mg.gov.br\/novo\/wp-content\/uploads\/2025\/04\/Homologacao-do-Resultado-Edital-01-2025-PNAB.pdf\">Homologa\u00e7\u00e3o do Resultado &#8211; Edital 01-2025 PNAB<\/a><\/p>\r\n<p><a href=\"https:\/\/coromandel.mg.gov.br\/novo\/wp-content\/uploads\/2025\/03\/Resultado-Final-das-Propostas-Habilitadas_000053.pdf\">Resultado Final das Propostas Habilitadas<\/a><\/p>\r\n<p style=\"text-align: left;\"><a href=\"https:\/\/coromandel.mg.gov.br\/novo\/wp-content\/uploads\/2025\/02\/Resultado-da-1a-Fase-de-avaliacao-Edital-001-2025.pdf\">Resultado da 1\u00aa Fase de avalia\u00e7\u00e3o &#8211; Edital 001-2025<\/a><\/p>\r\n<p><a href=\"https:\/\/coromandel.mg.gov.br\/novo\/wp-content\/uploads\/2025\/03\/Resultado-Preliminar-das-Propostas-Habilitadas_000052.pdf\">Resultado Preliminar das Propostas Habilitadas<\/a><\/p>\r\n<\/blockquote>\r\n<hr \/>\r\n<h4>2024<\/h4>\r\n<p><a href=\"https:\/\/coromandel.mg.gov.br\/novo\/wp-content\/uploads\/2024\/11\/PAAR.pdf\">Plano Anual de Aplica\u00e7\u00e3o dos Recursos<\/a><\/p>\r\n<p><a href=\"https:\/\/coromandel.mg.gov.br\/novo\/wp-content\/uploads\/2024\/10\/Resultado-Final-edital-03-2024-PNAB.pdf\">Resultado Final dos Selecionados no edital 03\/2024 \u2013 PNAB<\/a><\/p>\r\n<p><a href=\"https:\/\/coromandel.mg.gov.br\/novo\/wp-content\/uploads\/2024\/10\/Resultado-da-Avaliacao-do-Projetos-Culturais-Edital-03-PNAB-_000040.pdf\">Resultado da Avalia\u00e7\u00e3o do Projetos Culturais \u2013 Edital 03 \u2013 PNAB\u00a0<\/a><\/p>\r\n<p><a href=\"https:\/\/coromandel.mg.gov.br\/novo\/wp-content\/uploads\/2024\/10\/TERMO-DE-PRORROGACAO-DE-INSCRICOES-edital-PNAB-03-2024-1.pdf\">TERMO DE PRORROGA\u00c7\u00c3O DE INSCRI\u00c7\u00d5ES edital PNAB 03-2024\u00a0<\/a><\/p>\r\n<p><a href=\"https:\/\/coromandel.mg.gov.br\/novo\/wp-content\/uploads\/2024\/09\/PNAB-1.pdf\">Resultado final dos selecionados no edital 02\/2024<\/a><\/p>\r\n<p><a href=\"https:\/\/coromandel.mg.gov.br\/novo\/wp-content\/uploads\/2024\/09\/PNAB-2.pdf\">Resultado final dos selecionados no edital 01\/2024<\/a><\/p>\r\n<p><a href=\"https:\/\/coromandel.mg.gov.br\/novo\/wp-content\/uploads\/2024\/08\/EDITAL-DE-SELECAO.pdf\">Edital de Sele\u00e7\u00e3o<\/a><\/p>\r\n<p><a href=\"https:\/\/coromandel.mg.gov.br\/novo\/wp-content\/uploads\/2024\/08\/EDITAL-DE-PREMIACAO.pdf\">Edital de premia\u00e7\u00e3o<\/a><\/p>\r\n<p><a href=\"https:\/\/coromandel.mg.gov.br\/novo\/wp-content\/uploads\/2024\/08\/Resultado-Avaliacao-dos-Projeto-Edital-002-2024.pdf\">Resultado &#8211; Avalia\u00e7\u00e3o dos Projeto &#8211; Edital 002-2024<\/a><\/p>\r\n<p><a href=\"https:\/\/coromandel.mg.gov.br\/novo\/wp-content\/uploads\/2024\/08\/Resultado-Avaliacao-dos-Projeto-Edital-de-Premiacao-001-2024.pdf\">Resultado &#8211; Avalia\u00e7\u00e3o dos Projeto &#8211; Edital de Premia\u00e7\u00e3o 001-2024<\/a><\/p>\r\n<p><a href=\"https:\/\/coromandel.mg.gov.br\/novo\/wp-content\/uploads\/2024\/07\/Edital-01-de-premiacao-PNAB-2024.pdf\">Edital 01 de premia\u00e7\u00e3o PNAB 2024<\/a><\/p>\r\n<p><a href=\"https:\/\/coromandel.mg.gov.br\/novo\/wp-content\/uploads\/2024\/08\/EDITAL-2-de-Execucao-cultural-PNAB-Atualizado-Corrigido.docx\">EDITAL 2- de Execu\u00e7\u00e3o cultural PNAB &#8211; Atualizado &#8211; Corrigido<\/a><\/p>\r\n<p>&#8212;<\/p>\r\n<p><a href=\"https:\/\/coromandel.mg.gov.br\/novo\/wp-content\/uploads\/2021\/10\/RETIFICACAO-DOS-EDITAIS-DA-LEI-ALDIR-BLANC.pdf\">ERRATA &#8211; RETIFICA\u00c7\u00c3O DE EDITAIS<\/a><\/p>\r\n\r\n<p>&nbsp;<\/p>\r\n\r\n<p>&nbsp;<\/p>\r\n\r\n<p><a href=\"https:\/\/coromandel.mg.gov.br\/novo\/wp-content\/uploads\/2021\/11\/Anexos-do-Edital-01-Formato-doc.rar\">EDITAL I &#8211; CULTURAS POPULARES E ANEXOS<\/a><\/p>\r\n\r\n<p>&nbsp;<\/p>\r\n\r\n<p>&nbsp;<\/p>\r\n\r\n<p><a href=\"https:\/\/coromandel.mg.gov.br\/novo\/wp-content\/uploads\/2021\/10\/EDITAL-02-MICROPROJETOS.pdf\">EDITAL II &#8211; MICROPROJETOS E ANEXOS<\/a><\/p>\r\n\r\n<p>&nbsp;<\/p>\r\n\r\n<p><a href=\"https:\/\/coromandel.mg.gov.br\/novo\/wp-content\/uploads\/2021\/10\/Anexos-do-Edital-2-Formato-doc-1.rar\" data-type=\"URL\" data-id=\"https:\/\/coromandel.mg.gov.br\/novo\/wp-content\/uploads\/2021\/10\/Anexos-do-Edital-2-Formato-doc-1.rar\">Anexos Edital II<\/a><\/p>\r\n\r\n<p>&nbsp;<\/p>\r\n\r\n<p>&nbsp;<\/p>\r\n\r\n<p><a href=\"https:\/\/coromandel.mg.gov.br\/novo\/wp-content\/uploads\/2021\/10\/Edital-03-de-propostas-culturais.pdf\">EDITAL III &#8211; PROPOSTAS CULTURAIS E ANEXOS<\/a><\/p>\r\n\r\n<p>&nbsp;<\/p>\r\n\r\n<p><a href=\"https:\/\/coromandel.mg.gov.br\/novo\/wp-content\/uploads\/2021\/10\/Anexos-Edital-03-Formato-doc-1.rar\" data-type=\"URL\" data-id=\"https:\/\/coromandel.mg.gov.br\/novo\/wp-content\/uploads\/2021\/10\/Anexos-Edital-03-Formato-doc-1.rar\">Anexos Edital III<\/a><\/p>\r\n\r\n<p>&nbsp;<\/p>\r\n\r\n<div data-wp-interactive=\"core\/file\" class=\"wp-block-file\"><object data-wp-bind--hidden=\"!state.hasPdfPreview\" hidden class=\"wp-block-file__embed\" style=\"width: 100%; height: 600px;\" data=\"https:\/\/coromandel.mg.gov.br\/novo\/wp-content\/uploads\/2021\/11\/Lista-de-Classificacao-Edital-01.pdf\" type=\"application\/pdf\" width=\"300\" height=\"150\" aria-label=\"Incorporado de Incorporado de Lista-de-Classificacao-Edital-01..\"><\/object><a href=\"https:\/\/coromandel.mg.gov.br\/novo\/wp-content\/uploads\/2021\/11\/Lista-de-Classificacao-Edital-01.pdf\">Lista-de-Classificacao-Edital-01<\/a><a class=\"wp-block-file__button\" href=\"https:\/\/coromandel.mg.gov.br\/novo\/wp-content\/uploads\/2021\/11\/Lista-de-Classificacao-Edital-01.pdf\" download=\"\">Baixar<\/a><\/div>\r\n\r\n<p>&nbsp;<\/p>\r\n\r\n<div data-wp-interactive=\"core\/file\" class=\"wp-block-file\"><object data-wp-bind--hidden=\"!state.hasPdfPreview\" hidden class=\"wp-block-file__embed\" style=\"width: 100%; height: 600px;\" data=\"https:\/\/coromandel.mg.gov.br\/novo\/wp-content\/uploads\/2021\/11\/Lista-de-Classificacao-Edital-02.pdf\" type=\"application\/pdf\" width=\"300\" height=\"150\" aria-label=\"Incorporado de Incorporado de Lista-de-Classificacao-Edital-02..\"><\/object><a href=\"https:\/\/coromandel.mg.gov.br\/novo\/wp-content\/uploads\/2021\/11\/Lista-de-Classificacao-Edital-02.pdf\">Lista-de-Classificacao-Edital-02<\/a><a class=\"wp-block-file__button\" href=\"https:\/\/coromandel.mg.gov.br\/novo\/wp-content\/uploads\/2021\/11\/Lista-de-Classificacao-Edital-02.pdf\" download=\"\">Baixar<\/a><\/div>\r\n\r\n<p>&nbsp;<\/p>\r\n\r\n<div data-wp-interactive=\"core\/file\" class=\"wp-block-file\"><object data-wp-bind--hidden=\"!state.hasPdfPreview\" hidden class=\"wp-block-file__embed\" style=\"width: 100%; height: 600px;\" data=\"https:\/\/coromandel.mg.gov.br\/novo\/wp-content\/uploads\/2021\/11\/Lista-de-Classificacao-Edital-03.pdf\" type=\"application\/pdf\" width=\"300\" height=\"150\" aria-label=\"Incorporado de Incorporado de Lista-de-Classificacao-Edital-03..\"><\/object><a href=\"https:\/\/coromandel.mg.gov.br\/novo\/wp-content\/uploads\/2021\/11\/Lista-de-Classificacao-Edital-03.pdf\">Lista-de-Classificacao-Edital-03<\/a><a class=\"wp-block-file__button\" href=\"https:\/\/coromandel.mg.gov.br\/novo\/wp-content\/uploads\/2021\/11\/Lista-de-Classificacao-Edital-03.pdf\" download=\"\">Baixar<\/a><\/div>\r\n\r\n<p>&nbsp;<\/p>\r\n\r\n<div data-wp-interactive=\"core\/file\" class=\"wp-block-file\"><object data-wp-bind--hidden=\"!state.hasPdfPreview\" hidden class=\"wp-block-file__embed\" style=\"width: 100%; height: 600px;\" data=\"https:\/\/coromandel.mg.gov.br\/novo\/wp-content\/uploads\/2021\/11\/Edital_4-Aldir-Blanc-2021-culturas-populares.pdf\" type=\"application\/pdf\" width=\"300\" height=\"150\" aria-label=\"Incorporado de Incorporado de Edital_4-Aldir-Blanc-2021-culturas-populares..\"><\/object><a href=\"https:\/\/coromandel.mg.gov.br\/novo\/wp-content\/uploads\/2021\/11\/Edital_4-Aldir-Blanc-2021-culturas-populares.pdf\">Edital_4-Aldir-Blanc-2021-culturas-populares<\/a><a class=\"wp-block-file__button\" href=\"https:\/\/coromandel.mg.gov.br\/novo\/wp-content\/uploads\/2021\/11\/Edital_4-Aldir-Blanc-2021-culturas-populares.pdf\" download=\"\">Baixar<\/a><\/div>\r\n\r\n<p>&nbsp;<\/p>\r\n\r\n<div data-wp-interactive=\"core\/file\" class=\"wp-block-file\"><object data-wp-bind--hidden=\"!state.hasPdfPreview\" hidden class=\"wp-block-file__embed\" style=\"width: 100%; height: 600px;\" data=\"https:\/\/coromandel.mg.gov.br\/novo\/wp-content\/uploads\/2021\/12\/Lista-de-Classificac\u0327a\u0303o-Edital-04.pdf\" type=\"application\/pdf\" width=\"300\" height=\"150\" aria-label=\"Incorporado de Incorporado de Lista-de-Classificac\u0327a\u0303o-Edital-04..\"><\/object><a href=\"https:\/\/coromandel.mg.gov.br\/novo\/wp-content\/uploads\/2021\/12\/Lista-de-Classificac\u0327a\u0303o-Edital-04.pdf\">Lista-de-Classificac\u0327a\u0303o-Edital-04<\/a><a class=\"wp-block-file__button\" href=\"https:\/\/coromandel.mg.gov.br\/novo\/wp-content\/uploads\/2021\/12\/Lista-de-Classificac\u0327a\u0303o-Edital-04.pdf\" download=\"\">Baixar<\/a><\/div>\r\n","protected":false},"excerpt":{"rendered":"<p>I 2025 Edital 01\/2025 Homologa\u00e7\u00e3o do Resultado &#8211; Edital 01-2025 PNAB Resultado Final das Propostas Habilitadas Resultado da 1\u00aa Fase de avalia\u00e7\u00e3o &#8211; Edital 001-2025 Resultado Preliminar das Propostas Habilitadas 2024 Plano Anual de Aplica\u00e7\u00e3o dos Recursos Resultado Final dos Selecionados no edital 03\/2024 \u2013 PNAB Resultado da Avalia\u00e7\u00e3o do Projetos Culturais \u2013 Edital 03 [&hellip;]<\/p>\n","protected":false},"author":1,"featured_media":0,"parent":0,"menu_order":0,"comment_status":"closed","ping_status":"closed","template":"","meta":{"_acf_changed":false,"footnotes":""},"class_list":["post-2063","page","type-page","status-publish","hentry"],"acf":[],"_links":{"self":[{"href":"https:\/\/coromandel.mg.gov.br\/novo\/wp-json\/wp\/v2\/pages\/2063","targetHints":{"allow":["GET"]}}],"collection":[{"href":"https:\/\/coromandel.mg.gov.br\/novo\/wp-json\/wp\/v2\/pages"}],"about":[{"href":"https:\/\/coromandel.mg.gov.br\/novo\/wp-json\/wp\/v2\/types\/page"}],"author":[{"embeddable":true,"href":"https:\/\/coromandel.mg.gov.br\/novo\/wp-json\/wp\/v2\/users\/1"}],"replies":[{"embeddable":true,"href":"https:\/\/coromandel.mg.gov.br\/novo\/wp-json\/wp\/v2\/comments?post=2063"}],"version-history":[{"count":0,"href":"https:\/\/coromandel.mg.gov.br\/novo\/wp-json\/wp\/v2\/pages\/2063\/revisions"}],"wp:attachment":[{"href":"https:\/\/coromandel.mg.gov.br\/novo\/wp-json\/wp\/v2\/media?parent=2063"}],"curies":[{"name":"wp","href":"https:\/\/api.w.org\/{rel}","templated":true}]}}